{"id":93,"date":"2024-06-20T13:51:53","date_gmt":"2024-06-20T12:51:53","guid":{"rendered":"https:\/\/mobilityandhumanities.it\/work\/?page_id=93"},"modified":"2025-10-10T09:28:17","modified_gmt":"2025-10-10T08:28:17","slug":"outputs","status":"publish","type":"page","link":"https:\/\/mobilityandhumanities.it\/work\/index.php\/outputs\/","title":{"rendered":"Outputs"},"content":{"rendered":"\t\t<div data-elementor-type=\"wp-page\" data-elementor-id=\"93\" class=\"elementor elementor-93\">\n\t\t\t\t<div class=\"elementor-element elementor-element-dc69bed e-flex e-con-boxed wpr-particle-no wpr-jarallax-no wpr-parallax-no wpr-sticky-section-no e-con e-parent\" data-id=\"dc69bed\" data-element_type=\"container\">\n\t\t\t\t\t<div class=\"e-con-inner\">\n\t\t<div class=\"elementor-element elementor-element-9b077b4 e-con-full e-flex wpr-particle-no wpr-jarallax-no wpr-parallax-no wpr-sticky-section-no e-con e-child\" data-id=\"9b077b4\" data-element_type=\"container\">\n\t\t\t\t<div class=\"elementor-element elementor-element-100bd56 elementor-widget elementor-widget-heading\" data-id=\"100bd56\" data-element_type=\"widget\" data-widget_type=\"heading.default\">\n\t\t\t\t<div class=\"elementor-widget-container\">\n\t\t\t<style>\/*! elementor - v3.22.0 - 17-06-2024 *\/\n.elementor-heading-title{padding:0;margin:0;line-height:1}.elementor-widget-heading .elementor-heading-title[class*=elementor-size-]>a{color:inherit;font-size:inherit;line-height:inherit}.elementor-widget-heading .elementor-heading-title.elementor-size-small{font-size:15px}.elementor-widget-heading .elementor-heading-title.elementor-size-medium{font-size:19px}.elementor-widget-heading .elementor-heading-title.elementor-size-large{font-size:29px}.elementor-widget-heading .elementor-heading-title.elementor-size-xl{font-size:39px}.elementor-widget-heading .elementor-heading-title.elementor-size-xxl{font-size:59px}<\/style><h2 class=\"elementor-heading-title elementor-size-default\">Lectures and Seminars<\/h2>\t\t<\/div>\n\t\t\t\t<\/div>\n\t\t\t\t<\/div>\n\t\t\t\t\t<\/div>\n\t\t\t\t<\/div>\n\t\t<div class=\"elementor-element elementor-element-90c4f9f e-flex e-con-boxed wpr-particle-no wpr-jarallax-no wpr-parallax-no wpr-sticky-section-no e-con e-parent\" data-id=\"90c4f9f\" data-element_type=\"container\" data-settings=\"{&quot;background_background&quot;:&quot;classic&quot;}\">\n\t\t\t\t\t<div class=\"e-con-inner\">\n\t\t\t\t<div class=\"elementor-element elementor-element-2bd51cf elementor-widget elementor-widget-text-editor\" data-id=\"2bd51cf\" data-element_type=\"widget\" data-widget_type=\"text-editor.default\">\n\t\t\t\t<div class=\"elementor-widget-container\">\n\t\t\t<style>\/*! elementor - v3.22.0 - 17-06-2024 *\/\n.elementor-widget-text-editor.elementor-drop-cap-view-stacked .elementor-drop-cap{background-color:#69727d;color:#fff}.elementor-widget-text-editor.elementor-drop-cap-view-framed .elementor-drop-cap{color:#69727d;border:3px solid;background-color:transparent}.elementor-widget-text-editor:not(.elementor-drop-cap-view-default) .elementor-drop-cap{margin-top:8px}.elementor-widget-text-editor:not(.elementor-drop-cap-view-default) .elementor-drop-cap-letter{width:1em;height:1em}.elementor-widget-text-editor .elementor-drop-cap{float:left;text-align:center;line-height:1;font-size:50px}.elementor-widget-text-editor .elementor-drop-cap-letter{display:inline-block}<\/style>\t\t\t\t<div><div><b>25-27 September 2025<\/b><\/div><div><a href=\"https:\/\/mobilityandhumanities.it\/work\/wp-content\/uploads\/2025\/10\/Prin-2022-Women-and-Men-at-Work-Urbino-25-27-Sept.-2025.pdf\" target=\"_blank\" rel=\"noopener\">Women and Men at Work\u00a0in Preindustrial Europe\u00a0Methodological Challenges and Comparative Results, Urbino\u00a0<\/a><\/div><div>Project Conference,<\/div><div>Participants: all members<\/div><\/div><div>\u00a0<\/div><div><b>12 September 2025<\/b><\/div><div>Book discussion: Jane Whittle, Mark Hailwood, Hannah Robb, Taylor Aucoin,\u00a0<i>The experience of work in early modern England\u00a0<\/i>at the\u00a0Seventh Biennial Conference of the European Rural History Organisation<\/div><div>9\u201312 September 2025, Coimbra, Portugal<\/div><div>Participant: Andrea Caracausi\u00a0<\/div><div>\u00a0<\/div><div><div><b>9 September 2025<\/b><\/div><div>Paper: Ver\u00f3nica Gallego Manzanares,\u00a0<i>G\u00e9nero, trabajo y formas de aprendizaje en la N\u00e1poles moderna<\/i>\u00a0at the Summer School of Mediterranean Studies: Formas y espacios de educaci\u00f3n y aprendizaje (siglos XIII-XVIII)<\/div><div>8-10 September 2025, Universitat de Barcelona, Spain.<\/div><div>\u00a0<\/div><\/div><p><b>29 July 2025<\/b><\/p><p><span style=\"font-weight: 400;\">Panel: Unveiling Female Agency: The Role of Women in Southern Europe Before Industrialization, World Economic History Congress, University of Lund (Sweden).<\/span><\/p><p><span style=\"font-weight: 400;\">Convenors: Andrea Caracausi and Corine Maitte (Gustave Eiffel University)<\/span><\/p><p><span style=\"font-weight: 400;\">Presentation:<\/span><\/p><ul><li style=\"font-weight: 400;\" aria-level=\"1\"><span style=\"font-weight: 400;\">Andrea Caracausi, Ver\u00f3nica Gallego Manzanares (Paper) Gender and Labour in Early modern Italy: Urban and Rural perspectives.<\/span><\/li><li style=\"font-weight: 400;\" aria-level=\"1\"><span style=\"font-weight: 400;\">Cinzia Lorandini (Paper) Gendered Work in an Alpine Region: Perspectives on Women\u2019s and Men\u2019s Roles from Nineteenth Century Trentino.<\/span><\/li><\/ul><p><strong>7 may 2025<\/strong><\/p><p>Panel: Oltre il legame biologico. Famiglie intenzionali, di servizio e sociali nell\u2019Italia d\u2019et\u00e0 moderna (XVI-XIX), International Congress: Families and Historical Change. Relational Dynamics and Social Transformations. A Global Perspective, 13th-20th Centuries, University of Castilla La Mancha<\/p><p>Francesca Ferrando \u2013 Marina Garbelloti (Convenors) with the participation of Tommaso Scaramella (University of Verona) as Convenor.<\/p><p>Presentations:<\/p><ul><li>Francesca Ferrando (Paper) Madri d\u2019elezione: The Female Figure in Genoese Institutions of the Early Modern Age between Education, Work, and Affective Bonds.<\/li><li>Ver\u00f3nica Gallego Manzanares (Paper) Gender, Work, and New Family Realities: Domestic Service in Preindustrial Naples.<\/li><\/ul><p><b>25 April 2025<\/b><\/p><p><span style=\"font-weight: 400;\">Seminar: Andrea Caracausi, Ver\u00f3nica Gallego Manzanares: <\/span><span style=\"font-weight: 400;\">\u201cG\u00e9nero, trabajo y espacios laborales en la N\u00e1poles de la Edad Moderna\u201d<\/span><span style=\"font-weight: 400;\"> (University of Padua), Seminario Internacional &#8220;Proyectos cruzados: espacialidad, redes, trabajo y movilidad en \u00e9poca moderna\u201d, Escuela de Estudios Hispanoamericanos, Instituto de Historia, CSIC \/ Pablo de Olavide University, Sevilla.<\/span><\/p><p><strong>27 March 2025<\/strong><\/p><p>Panel: Work in preindustrial Italy: a gender perspective, European Social Science History Conference, University of Leiden<\/p><p>Raffaella Sarti, Andrea Caracausi (convenors) with the participation of Margareth Lazinger (University of Vienna) as Panel Chair and Maria Agren (University of Uppsala) as Discussant.<\/p><p>Presentations:<\/p><ul><li>Cora Benetti, Raffaella Sarti (Paper) Labels and Verbs: A Study of Self-Presentation and Descriptions of Work Practices in a Gender Perspective in 18th and 19th Century Urbino.<\/li><li>Andrea Caracausi, Veronica Gallego Manzanares, Mattia Viale (Paper) Reassessing Women\u2019s Work in Early Modern Italy: the Grand Duchy of Tuscany and the Kingdom of Naples Compared<\/li><li>Marina Garbelloti, Cinzia Lorandini (Paper) Men and Women at Work in the Trentino Region (18th-19th centuries)<\/li><li>Francesca Ferrando (Paper) Labour Practices in Venice from a Gender Perspective (1700-1800)<\/li><li>Beatrice Zucca Micheletto (Paper) Gender Division of Labour in Turin (1792-1848)<\/li><\/ul><p><strong>19 August 2024<\/strong><\/p><p>Andrea Caracausi (lecture):\u00a0<span lang=\"IT\"><i>Work, Workplaces and Mobility in Preindustrial Italy: a Gender Perspective,<\/i>\u00a0Instituto de Historia,<i>\u00a0<\/i><\/span>Pontificia Universidad Cat\u00f3lica de Chile<span lang=\"IT\">, San<\/span><span lang=\"IT\">tiago de Chile<\/span><\/p><p><strong>21 June 2024\u00a0<\/strong><\/p><p>Mattia Viale (paper): <em>Exploring Women\u2019s Work in Early Modern Rural Italy: Insights from the Republic of Venice<\/em>, IX Congresso della Societ\u00e0 Italiana delle Storiche (SIS), University of Palermo.<\/p><p><strong>30 April 2024<\/strong><\/p><p>Andrea Caracausi (lecture): <em>Exploration du travail des femmes dans l&#8217;Italie rurale du d\u00e9but des temps modernes : aper\u00e7u de la R\u00e9publique de Venise<\/em>, Universit\u00e9 Gustave Eiffel, Paris.<\/p><p><strong>6 April 2024\u00a0<\/strong><\/p><p>Andrea Caracausi and Mattia Viale (paper): <em>Exploring Women\u2019s Work in Early Modern Rural Italy: Insights from the Republic of Venice<\/em>, Economic History Society (EHS) Annual Conference, Northumbria University, Newcastle.<\/p><p><strong>31 October 2023<\/strong><\/p><p>Andrea Caracausi (paper): <em>Exploring women\u2019s work in early modern rural Italy: insights from the Republic of Venice<\/em>\u201d, Economic and Social History Seminar, All Souls College, Oxford University.<\/p>\t\t\t\t\t\t<\/div>\n\t\t\t\t<\/div>\n\t\t\t\t\t<\/div>\n\t\t\t\t<\/div>\n\t\t<div class=\"elementor-element elementor-element-d02953c e-flex e-con-boxed wpr-particle-no wpr-jarallax-no wpr-parallax-no wpr-sticky-section-no e-con e-parent\" data-id=\"d02953c\" data-element_type=\"container\">\n\t\t\t\t\t<div class=\"e-con-inner\">\n\t\t\t\t<div class=\"elementor-element elementor-element-9b807d7 elementor-widget-divider--view-line elementor-widget elementor-widget-divider\" data-id=\"9b807d7\" data-element_type=\"widget\" data-widget_type=\"divider.default\">\n\t\t\t\t<div class=\"elementor-widget-container\">\n\t\t\t<style>\/*! elementor - v3.22.0 - 17-06-2024 *\/\n.elementor-widget-divider{--divider-border-style:none;--divider-border-width:1px;--divider-color:#0c0d0e;--divider-icon-size:20px;--divider-element-spacing:10px;--divider-pattern-height:24px;--divider-pattern-size:20px;--divider-pattern-url:none;--divider-pattern-repeat:repeat-x}.elementor-widget-divider .elementor-divider{display:flex}.elementor-widget-divider .elementor-divider__text{font-size:15px;line-height:1;max-width:95%}.elementor-widget-divider .elementor-divider__element{margin:0 var(--divider-element-spacing);flex-shrink:0}.elementor-widget-divider .elementor-icon{font-size:var(--divider-icon-size)}.elementor-widget-divider .elementor-divider-separator{display:flex;margin:0;direction:ltr}.elementor-widget-divider--view-line_icon .elementor-divider-separator,.elementor-widget-divider--view-line_text .elementor-divider-separator{align-items:center}.elementor-widget-divider--view-line_icon .elementor-divider-separator:after,.elementor-widget-divider--view-line_icon .elementor-divider-separator:before,.elementor-widget-divider--view-line_text .elementor-divider-separator:after,.elementor-widget-divider--view-line_text .elementor-divider-separator:before{display:block;content:\"\";border-block-end:0;flex-grow:1;border-block-start:var(--divider-border-width) var(--divider-border-style) var(--divider-color)}.elementor-widget-divider--element-align-left .elementor-divider .elementor-divider-separator>.elementor-divider__svg:first-of-type{flex-grow:0;flex-shrink:100}.elementor-widget-divider--element-align-left .elementor-divider-separator:before{content:none}.elementor-widget-divider--element-align-left .elementor-divider__element{margin-left:0}.elementor-widget-divider--element-align-right .elementor-divider .elementor-divider-separator>.elementor-divider__svg:last-of-type{flex-grow:0;flex-shrink:100}.elementor-widget-divider--element-align-right .elementor-divider-separator:after{content:none}.elementor-widget-divider--element-align-right .elementor-divider__element{margin-right:0}.elementor-widget-divider--element-align-start .elementor-divider .elementor-divider-separator>.elementor-divider__svg:first-of-type{flex-grow:0;flex-shrink:100}.elementor-widget-divider--element-align-start .elementor-divider-separator:before{content:none}.elementor-widget-divider--element-align-start .elementor-divider__element{margin-inline-start:0}.elementor-widget-divider--element-align-end .elementor-divider .elementor-divider-separator>.elementor-divider__svg:last-of-type{flex-grow:0;flex-shrink:100}.elementor-widget-divider--element-align-end .elementor-divider-separator:after{content:none}.elementor-widget-divider--element-align-end .elementor-divider__element{margin-inline-end:0}.elementor-widget-divider:not(.elementor-widget-divider--view-line_text):not(.elementor-widget-divider--view-line_icon) .elementor-divider-separator{border-block-start:var(--divider-border-width) var(--divider-border-style) var(--divider-color)}.elementor-widget-divider--separator-type-pattern{--divider-border-style:none}.elementor-widget-divider--separator-type-pattern.elementor-widget-divider--view-line .elementor-divider-separator,.elementor-widget-divider--separator-type-pattern:not(.elementor-widget-divider--view-line) .elementor-divider-separator:after,.elementor-widget-divider--separator-type-pattern:not(.elementor-widget-divider--view-line) .elementor-divider-separator:before,.elementor-widget-divider--separator-type-pattern:not([class*=elementor-widget-divider--view]) .elementor-divider-separator{width:100%;min-height:var(--divider-pattern-height);-webkit-mask-size:var(--divider-pattern-size) 100%;mask-size:var(--divider-pattern-size) 100%;-webkit-mask-repeat:var(--divider-pattern-repeat);mask-repeat:var(--divider-pattern-repeat);background-color:var(--divider-color);-webkit-mask-image:var(--divider-pattern-url);mask-image:var(--divider-pattern-url)}.elementor-widget-divider--no-spacing{--divider-pattern-size:auto}.elementor-widget-divider--bg-round{--divider-pattern-repeat:round}.rtl .elementor-widget-divider .elementor-divider__text{direction:rtl}.e-con-inner>.elementor-widget-divider,.e-con>.elementor-widget-divider{width:var(--container-widget-width,100%);--flex-grow:var(--container-widget-flex-grow)}<\/style>\t\t<div class=\"elementor-divider\">\n\t\t\t<span class=\"elementor-divider-separator\">\n\t\t\t\t\t\t<\/span>\n\t\t<\/div>\n\t\t\t\t<\/div>\n\t\t\t\t<\/div>\n\t\t\t\t\t<\/div>\n\t\t\t\t<\/div>\n\t\t<div class=\"elementor-element elementor-element-704153b e-flex e-con-boxed wpr-particle-no wpr-jarallax-no wpr-parallax-no wpr-sticky-section-no e-con e-parent\" data-id=\"704153b\" data-element_type=\"container\">\n\t\t\t\t\t<div class=\"e-con-inner\">\n\t\t\t\t<div class=\"elementor-element elementor-element-cf96ba7 elementor-widget elementor-widget-heading\" data-id=\"cf96ba7\" data-element_type=\"widget\" data-widget_type=\"heading.default\">\n\t\t\t\t<div class=\"elementor-widget-container\">\n\t\t\t<h2 class=\"elementor-heading-title elementor-size-default\">Workshops<\/h2>\t\t<\/div>\n\t\t\t\t<\/div>\n\t\t\t\t\t<\/div>\n\t\t\t\t<\/div>\n\t\t<div class=\"elementor-element elementor-element-a94cc7c e-flex e-con-boxed wpr-particle-no wpr-jarallax-no wpr-parallax-no wpr-sticky-section-no e-con e-parent\" data-id=\"a94cc7c\" data-element_type=\"container\">\n\t\t\t\t\t<div class=\"e-con-inner\">\n\t\t\t\t<div class=\"elementor-element elementor-element-ae38270 elementor-widget elementor-widget-text-editor\" data-id=\"ae38270\" data-element_type=\"widget\" data-widget_type=\"text-editor.default\">\n\t\t\t\t<div class=\"elementor-widget-container\">\n\t\t\t\t\t\t\t<p><strong>24 March \u2013 21 May 2025<\/strong><\/p><p>Third Workshop on Work, Workplaces and Mobility in Preindustrial Italy: A Gender Perspective, MoHu Centre, University of Padua with the participation of Carmen Saras\u00faa (Autonomous University of Barcelona), Ver\u00f3nica Gallego (Universtity of Padoua), Jane Whittle (University of Exeter), Corine Maitte (University Gustave Eiffel)<\/p><p>\u00a0<\/p><p><strong>20 September 2024<\/strong><\/p><p>Second Workshop on: Work, Workplaces and Mobility in Preindustrial Italy: A Gender Perspective, MoHu Centre, University of Padua with the participation of Sheilagh Ogilvie (University of Oxford)<\/p><p>\u00a0<\/p><p><strong>9 April 2024<\/strong><\/p><p><i>First workshop on Work, workplaces and mobility: a gender perspective, MoHu Centre, University of Padova\u00a0<\/i>with the participation of\u00a0<i>Maria \u00c5gren (Uppsala University)\u00a0<\/i><\/p>\t\t\t\t\t\t<\/div>\n\t\t\t\t<\/div>\n\t\t\t\t\t<\/div>\n\t\t\t\t<\/div>\n\t\t<div class=\"elementor-element elementor-element-0032b66 e-flex e-con-boxed wpr-particle-no wpr-jarallax-no wpr-parallax-no wpr-sticky-section-no e-con e-parent\" data-id=\"0032b66\" data-element_type=\"container\">\n\t\t\t\t\t<div class=\"e-con-inner\">\n\t\t\t\t\t<\/div>\n\t\t\t\t<\/div>\n\t\t\t\t<\/div>\n\t\t","protected":false},"excerpt":{"rendered":"<p>Lectures and Seminars 25-27 September 2025Women and Men at Work\u00a0in Preindustrial Europe\u00a0Methodological Challenges and Comparative Results, Urbino\u00a0Project Conference,Participants: all members\u00a012 September 2025Book discussion: Jane Whittle, Mark Hailwood, Hannah Robb, Taylor Aucoin,\u00a0The experience of work in early modern England\u00a0at the\u00a0Seventh Biennial Conference of the European Rural History Organisation9\u201312 September 2025, Coimbra, PortugalParticipant: Andrea Caracausi\u00a0\u00a09 September 2025Paper: Ver\u00f3nica Gallego Manzanares,\u00a0G\u00e9nero, trabajo y formas de aprendizaje en la N\u00e1poles moderna\u00a0at the Summer School of Mediterranean Studies: Formas y espacios de educaci\u00f3n y aprendizaje (siglos XIII-XVIII)8-10 September 2025, Universitat de Barcelona, Spain.\u00a0 29 July 2025 Panel: Unveiling Female Agency: The Role of Women in Southern Europe Before Industrialization, World Economic History Congress, University of Lund (Sweden). Convenors: Andrea Caracausi and Corine Maitte (Gustave Eiffel University) Presentation: Andrea Caracausi, Ver\u00f3nica Gallego Manzanares (Paper) Gender and Labour in Early modern Italy: Urban and Rural perspectives. Cinzia Lorandini (Paper) Gendered Work in an Alpine Region: Perspectives on Women\u2019s and Men\u2019s Roles from Nineteenth Century Trentino. 7 may 2025 Panel: Oltre il legame biologico. Famiglie intenzionali, di servizio e sociali nell\u2019Italia d\u2019et\u00e0 moderna (XVI-XIX), International Congress: Families and Historical Change. Relational Dynamics and Social Transformations. A Global Perspective, 13th-20th Centuries, University of Castilla La Mancha Francesca Ferrando \u2013 Marina Garbelloti (Convenors) with the participation of Tommaso Scaramella (University of Verona) as Convenor. Presentations: Francesca Ferrando (Paper) Madri d\u2019elezione: The Female Figure in Genoese Institutions of the Early Modern Age between Education, Work, and Affective Bonds. Ver\u00f3nica Gallego Manzanares (Paper) Gender, Work, and New Family Realities: Domestic Service in Preindustrial Naples. 25 April 2025 Seminar: Andrea Caracausi, Ver\u00f3nica Gallego Manzanares: \u201cG\u00e9nero, trabajo y espacios laborales en la N\u00e1poles de la Edad Moderna\u201d (University of Padua), Seminario Internacional &#8220;Proyectos cruzados: espacialidad, redes, trabajo y movilidad en \u00e9poca moderna\u201d, Escuela de Estudios Hispanoamericanos, Instituto de Historia, CSIC \/ Pablo de Olavide University, Sevilla. 27 March 2025 Panel: Work in preindustrial Italy: a gender perspective, European Social Science History Conference, University of Leiden Raffaella Sarti, Andrea Caracausi (convenors) with the participation of Margareth Lazinger (University of Vienna) as Panel Chair and Maria Agren (University of Uppsala) as Discussant. Presentations: Cora Benetti, Raffaella Sarti (Paper) Labels and Verbs: A Study of Self-Presentation and Descriptions of Work Practices in a Gender Perspective in 18th and 19th Century Urbino. Andrea Caracausi, Veronica Gallego Manzanares, Mattia Viale (Paper) Reassessing Women\u2019s Work in Early Modern Italy: the Grand Duchy of Tuscany and the Kingdom of Naples Compared Marina Garbelloti, Cinzia Lorandini (Paper) Men and Women at Work in the Trentino Region (18th-19th centuries) Francesca Ferrando (Paper) Labour Practices in Venice from a Gender Perspective (1700-1800) Beatrice Zucca Micheletto (Paper) Gender Division of Labour in Turin (1792-1848) 19 August 2024 Andrea Caracausi (lecture):\u00a0Work, Workplaces and Mobility in Preindustrial Italy: a Gender Perspective,\u00a0Instituto de Historia,\u00a0Pontificia Universidad Cat\u00f3lica de Chile, Santiago de Chile 21 June 2024\u00a0 Mattia Viale (paper): Exploring Women\u2019s Work in Early Modern Rural Italy: Insights from the Republic of Venice, IX Congresso della Societ\u00e0 Italiana delle Storiche (SIS), University of Palermo. 30 April 2024 Andrea Caracausi (lecture): Exploration du travail des femmes dans l&#8217;Italie rurale du d\u00e9but des temps modernes : aper\u00e7u de la R\u00e9publique de Venise, Universit\u00e9 Gustave Eiffel, Paris. 6 April 2024\u00a0 Andrea Caracausi and Mattia Viale (paper): Exploring Women\u2019s Work in Early Modern Rural Italy: Insights from the Republic of Venice, Economic History Society (EHS) Annual Conference, Northumbria University, Newcastle. 31 October 2023 Andrea Caracausi (paper): Exploring women\u2019s work in early modern rural Italy: insights from the Republic of Venice\u201d, Economic and Social History Seminar, All Souls College, Oxford University. Workshops 24 March \u2013 21 May 2025 Third Workshop on Work, Workplaces and Mobility in Preindustrial Italy: A Gender Perspective, MoHu Centre, University of Padua with the participation of Carmen Saras\u00faa (Autonomous University of Barcelona), Ver\u00f3nica Gallego (Universtity of Padoua), Jane Whittle (University of Exeter), Corine Maitte (University Gustave Eiffel) \u00a0 20 September 2024 Second Workshop on: Work, Workplaces and Mobility in Preindustrial Italy: A Gender Perspective, MoHu Centre, University of Padua with the participation of Sheilagh Ogilvie (University of Oxford) \u00a0 9 April 2024 First workshop on Work, workplaces and mobility: a gender perspective, MoHu Centre, University of Padova\u00a0with the participation of\u00a0Maria \u00c5gren (Uppsala University)\u00a0<\/p>\n","protected":false},"author":1,"featured_media":0,"parent":0,"menu_order":0,"comment_status":"closed","ping_status":"closed","template":"","meta":{"footnotes":""},"class_list":["post-93","page","type-page","status-publish","hentry"],"_links":{"self":[{"href":"https:\/\/mobilityandhumanities.it\/work\/index.php\/wp-json\/wp\/v2\/pages\/93","targetHints":{"allow":["GET"]}}],"collection":[{"href":"https:\/\/mobilityandhumanities.it\/work\/index.php\/wp-json\/wp\/v2\/pages"}],"about":[{"href":"https:\/\/mobilityandhumanities.it\/work\/index.php\/wp-json\/wp\/v2\/types\/page"}],"author":[{"embeddable":true,"href":"https:\/\/mobilityandhumanities.it\/work\/index.php\/wp-json\/wp\/v2\/users\/1"}],"replies":[{"embeddable":true,"href":"https:\/\/mobilityandhumanities.it\/work\/index.php\/wp-json\/wp\/v2\/comments?post=93"}],"version-history":[{"count":43,"href":"https:\/\/mobilityandhumanities.it\/work\/index.php\/wp-json\/wp\/v2\/pages\/93\/revisions"}],"predecessor-version":[{"id":358,"href":"https:\/\/mobilityandhumanities.it\/work\/index.php\/wp-json\/wp\/v2\/pages\/93\/revisions\/358"}],"wp:attachment":[{"href":"https:\/\/mobilityandhumanities.it\/work\/index.php\/wp-json\/wp\/v2\/media?parent=93"}],"curies":[{"name":"wp","href":"https:\/\/api.w.org\/{rel}","templated":true}]}}